{"id":42,"date":"2017-11-17T17:22:56","date_gmt":"2017-11-17T17:22:56","guid":{"rendered":"http:\/\/www.pggo.nl\/site\/?page_id=42"},"modified":"2026-01-06T11:56:48","modified_gmt":"2026-01-06T11:56:48","slug":"wie-zijn-wij","status":"publish","type":"page","link":"https:\/\/www.pggo.nl\/site\/wie-zijn-wij\/","title":{"rendered":"Wie zijn wij"},"content":{"rendered":"\r\n<p class=\"wp-block-paragraph\">&nbsp;<\/p>\r\n\r\n<p><strong><span style=\"font-size: 14pt;\">Ons algemeen contact emailadres:\u00a0 <\/span><\/strong><\/p>\r\n<p><span style=\"font-size: 12pt;\"><strong><span style=\"color: #ff6600;\">pggoinfo@pggo.nl<\/span><\/strong><\/span><\/p>\r\n<p><span style=\"font-size: 14pt;\"><strong>Het bestuur van PGGO:<\/strong><\/span><\/p>\r\n<p><span style=\"color: #ff6600;\"><strong>Sjaan Koese, <\/strong><\/span><span style=\"font-size: 12pt;\">voorzitter en woont in Ouddorp<\/span><\/p>\r\n<p><span style=\"font-size: 10pt;\"><span style=\"font-size: 12pt;\"><strong><span style=\"color: #ff9900;\"><span style=\"color: #ff6600;\">M\u00e4ry Groenendijk, <\/span><\/span><\/strong>secretaris en woont in Dirksland<\/span><\/span><\/p>\r\n<p><span style=\"color: #ff6600;\"><b>Wim Hansen, <\/b><\/span>penningsmeester en woont in Stellendam<\/p>\r\n<p><strong><span style=\"color: #ff9900;\"><span style=\"color: #ff6600;\">Oscar Zeelenberg, <\/span><\/span><\/strong>bestuurslid en woont in Ouddorp<\/p>\r\n<p><span style=\"color: #ff6600;\"><strong>Andr\u00e9 Both, <\/strong><\/span>bestuurslid en woont in Battenoord<\/p>\r\n<p><strong><span style=\"color: #ff9900;\"><span style=\"color: #ff6600;\">Anneke Mastenbroek (Oogcaf\u00e9), <\/span><\/span><\/strong>bestuurslid en woont in Ouddorp<\/p>\r\n<p><strong><span style=\"color: #ff9900;\"><span style=\"color: #ff6600;\">Gerrit IJtsma (Oogcaf\u00e9), <\/span><\/span><\/strong>bestuurslid en woont in Ouddorp<\/p>\r\n<p><strong><span style=\"color: #ff9900;\"><span style=\"color: #ff6600;\">Marjo van Maurik de Graaff,<\/span><\/span><\/strong>\u00a0bestuurslid en woont in Oude Tonge<\/p>\r\n<p><span style=\"color: #ff6600;\"><b>Kees Bezuijen, <\/b><\/span>bestuurslid en woont in Ooltgensplaat<\/p>\r\n<p><span style=\"color: #ff6600;\"><b>William Verhage, <\/b><\/span>bestuurslid en woont in Ooltgensplaat<\/p>\r\n<p><strong><span style=\"font-size: 14pt;\">Vergaderingen:<\/span><\/strong><\/p>\r\n\r\n<p class=\"wp-block-paragraph\"><strong><span style=\"color: #ff6600;\"><a style=\"color: #ff6600;\" href=\"https:\/\/www.pggo.nl\/site\/vergaderagenda\/\" target=\"_blank\" rel=\"noopener\">Vergaderschema 2026<\/a><\/span><\/strong><\/p>\r\n\r\n\r\n\r\n<figure class=\"wp-block-audio\"><\/figure>\r\n ","protected":false},"excerpt":{"rendered":"<p>&nbsp; Ons algemeen contact emailadres:\u00a0 pggoinfo@pggo.nl Het bestuur van PGGO: Sjaan Koese, voorzitter en woont in Ouddorp M\u00e4ry Groenendijk, secretaris en woont in Dirksland Wim Hansen, penningsmeester en woont in Stellendam Oscar Zeelenberg, bestuurslid en woont in Ouddorp Andr\u00e9 Both, bestuurslid en woont in Battenoord Anneke Mastenbroek (Oogcaf\u00e9), bestuurslid en woont in Ouddorp Gerrit IJtsma (Oogcaf\u00e9), bestuurslid en woont in Ouddorp Marjo van Maurik de Graaff,\u00a0bestuurslid en woont in Oude Tonge Kees Bezuijen, bestuurslid en woont in Ooltgensplaat William Verhage, bestuurslid en woont in Ooltgensplaat Vergaderingen: Vergaderschema 2026<\/p>\n","protected":false},"author":7,"featured_media":0,"parent":0,"menu_order":3,"comment_status":"closed","ping_status":"closed","template":"","meta":{"_crdt_document":"","two_page_speed":[],"footnotes":""},"class_list":["post-42","page","type-page","status-publish","hentry"],"_links":{"self":[{"href":"https:\/\/www.pggo.nl\/site\/wp-json\/wp\/v2\/pages\/42","targetHints":{"allow":["GET"]}}],"collection":[{"href":"https:\/\/www.pggo.nl\/site\/wp-json\/wp\/v2\/pages"}],"about":[{"href":"https:\/\/www.pggo.nl\/site\/wp-json\/wp\/v2\/types\/page"}],"author":[{"embeddable":true,"href":"https:\/\/www.pggo.nl\/site\/wp-json\/wp\/v2\/users\/7"}],"replies":[{"embeddable":true,"href":"https:\/\/www.pggo.nl\/site\/wp-json\/wp\/v2\/comments?post=42"}],"version-history":[{"count":69,"href":"https:\/\/www.pggo.nl\/site\/wp-json\/wp\/v2\/pages\/42\/revisions"}],"predecessor-version":[{"id":2432,"href":"https:\/\/www.pggo.nl\/site\/wp-json\/wp\/v2\/pages\/42\/revisions\/2432"}],"wp:attachment":[{"href":"https:\/\/www.pggo.nl\/site\/wp-json\/wp\/v2\/media?parent=42"}],"curies":[{"name":"wp","href":"https:\/\/api.w.org\/{rel}","templated":true}]}}